{"id":18,"date":"2022-08-16T23:31:18","date_gmt":"2022-08-16T21:31:18","guid":{"rendered":"http:\/\/fyzioterapieledec.cz\/?page_id=18"},"modified":"2022-08-17T22:46:03","modified_gmt":"2022-08-17T20:46:03","slug":"kontakt","status":"publish","type":"page","link":"http:\/\/fyzioterapieledec.cz\/?page_id=18","title":{"rendered":"Kontakt"},"content":{"rendered":"\n<p>Fyzioterapie poliklinika Lede\u010d nad S\u00e1zavou &#8211; Eva B\u0159ez\u00edkov\u00e1&nbsp;<br>Habreck\u00e1 450, 584 01 Lede\u010d nad S\u00e1zavou&nbsp;<\/p>\n\n\n\n<p>Telefonn\u00ed \u010d\u00edslo: +420 771 272 215<br>Objedn\u00e1vky po telefonu<\/p>\n\n\n\n<p><\/p>\n","protected":false},"excerpt":{"rendered":"<p>Fyzioterapie poliklinika Lede\u010d nad S\u00e1zavou &#8211; Eva B\u0159ez\u00edkov\u00e1&nbsp;Habreck\u00e1 450, 584 01 Lede\u010d nad S\u00e1zavou&nbsp; Telefonn\u00ed \u010d\u00edslo: +420 771 272 215Objedn\u00e1vky po telefonu<\/p>\n","protected":false},"author":1,"featured_media":0,"parent":0,"menu_order":0,"comment_status":"closed","ping_status":"closed","template":"","meta":{"footnotes":""},"class_list":["post-18","page","type-page","status-publish","hentry"],"_links":{"self":[{"href":"http:\/\/fyzioterapieledec.cz\/index.php?rest_route=\/wp\/v2\/pages\/18","targetHints":{"allow":["GET"]}}],"collection":[{"href":"http:\/\/fyzioterapieledec.cz\/index.php?rest_route=\/wp\/v2\/pages"}],"about":[{"href":"http:\/\/fyzioterapieledec.cz\/index.php?rest_route=\/wp\/v2\/types\/page"}],"author":[{"embeddable":true,"href":"http:\/\/fyzioterapieledec.cz\/index.php?rest_route=\/wp\/v2\/users\/1"}],"replies":[{"embeddable":true,"href":"http:\/\/fyzioterapieledec.cz\/index.php?rest_route=%2Fwp%2Fv2%2Fcomments&post=18"}],"version-history":[{"count":3,"href":"http:\/\/fyzioterapieledec.cz\/index.php?rest_route=\/wp\/v2\/pages\/18\/revisions"}],"predecessor-version":[{"id":34,"href":"http:\/\/fyzioterapieledec.cz\/index.php?rest_route=\/wp\/v2\/pages\/18\/revisions\/34"}],"wp:attachment":[{"href":"http:\/\/fyzioterapieledec.cz\/index.php?rest_route=%2Fwp%2Fv2%2Fmedia&parent=18"}],"curies":[{"name":"wp","href":"https:\/\/api.w.org\/{rel}","templated":true}]}}