{"id":20,"date":"2022-08-16T23:31:58","date_gmt":"2022-08-16T21:31:58","guid":{"rendered":"http:\/\/fyzioterapieledec.cz\/?page_id=20"},"modified":"2022-10-03T17:00:56","modified_gmt":"2022-10-03T15:00:56","slug":"oteviraci-doba","status":"publish","type":"page","link":"http:\/\/fyzioterapieledec.cz\/?page_id=20","title":{"rendered":"Otev\u00edrac\u00ed doba"},"content":{"rendered":"\n<p>Otev\u00edrac\u00ed doba:<\/p>\n\n\n\n<p>Pond\u011bl\u00ed &nbsp; &nbsp; &nbsp; 7.00-12.30 &nbsp; &nbsp; &nbsp; &nbsp;13.00-16.30<\/p>\n\n\n\n<p>\u00dater\u00fd &nbsp; &nbsp; &nbsp; &nbsp; &nbsp;6.30-12.30 &nbsp; &nbsp; &nbsp; &nbsp;13.00-15.00<\/p>\n\n\n\n<p>St\u0159eda &nbsp; &nbsp; &nbsp; &nbsp;6.30-12.30 &nbsp; &nbsp; &nbsp; &nbsp;13.00-16.00<\/p>\n\n\n\n<p>\u010ctvrtek &nbsp; &nbsp; &nbsp; 6.30-12.30 &nbsp; &nbsp; &nbsp; &nbsp; 13.00-15.00<\/p>\n\n\n\n<p>P\u00e1tek &nbsp; &nbsp; &nbsp; &nbsp; 6.30-12.30<\/p>\n\n\n\n<p><br><strong>Objedn\u00e1vky po telefonu +420 771 272 215<\/strong><\/p>\n\n\n\n<p>Smluvn\u00ed partner poji\u0161\u0165ovny: <strong>111, 211, 205\u00a0<\/strong><\/p>\n","protected":false},"excerpt":{"rendered":"<p>Otev\u00edrac\u00ed doba: Pond\u011bl\u00ed &nbsp; &nbsp; &nbsp; 7.00-12.30 &nbsp; &nbsp; &nbsp; &nbsp;13.00-16.30 \u00dater\u00fd &nbsp; &nbsp; &nbsp; &nbsp; &nbsp;6.30-12.30 &nbsp; &nbsp; &nbsp; &nbsp;13.00-15.00 St\u0159eda &nbsp; &nbsp; &nbsp; &nbsp;6.30-12.30 &nbsp; &nbsp; &nbsp; &nbsp;13.00-16.00 &hellip; <\/p>\n","protected":false},"author":1,"featured_media":0,"parent":0,"menu_order":0,"comment_status":"closed","ping_status":"closed","template":"","meta":{"footnotes":""},"class_list":["post-20","page","type-page","status-publish","hentry"],"_links":{"self":[{"href":"http:\/\/fyzioterapieledec.cz\/index.php?rest_route=\/wp\/v2\/pages\/20","targetHints":{"allow":["GET"]}}],"collection":[{"href":"http:\/\/fyzioterapieledec.cz\/index.php?rest_route=\/wp\/v2\/pages"}],"about":[{"href":"http:\/\/fyzioterapieledec.cz\/index.php?rest_route=\/wp\/v2\/types\/page"}],"author":[{"embeddable":true,"href":"http:\/\/fyzioterapieledec.cz\/index.php?rest_route=\/wp\/v2\/users\/1"}],"replies":[{"embeddable":true,"href":"http:\/\/fyzioterapieledec.cz\/index.php?rest_route=%2Fwp%2Fv2%2Fcomments&post=20"}],"version-history":[{"count":3,"href":"http:\/\/fyzioterapieledec.cz\/index.php?rest_route=\/wp\/v2\/pages\/20\/revisions"}],"predecessor-version":[{"id":37,"href":"http:\/\/fyzioterapieledec.cz\/index.php?rest_route=\/wp\/v2\/pages\/20\/revisions\/37"}],"wp:attachment":[{"href":"http:\/\/fyzioterapieledec.cz\/index.php?rest_route=%2Fwp%2Fv2%2Fmedia&parent=20"}],"curies":[{"name":"wp","href":"https:\/\/api.w.org\/{rel}","templated":true}]}}